{"id":19,"date":"2024-10-02T01:33:31","date_gmt":"2024-10-02T01:33:31","guid":{"rendered":"https:\/\/valentin.mx\/cortina\/?page_id=19"},"modified":"2025-01-08T23:22:43","modified_gmt":"2025-01-08T23:22:43","slug":"nuestra-tecnologia","status":"publish","type":"page","link":"https:\/\/valentin.mx\/cortina\/nuestra-tecnologia\/","title":{"rendered":"Nuestra tecnolog\u00eda"},"content":{"rendered":"\n\n  <div class=\"banner has-hover\" id=\"banner-765667782\">\n          <div class=\"banner-inner fill\">\n        <div class=\"banner-bg fill\" >\n            <img loading=\"lazy\" decoding=\"async\" width=\"1920\" height=\"1121\" src=\"https:\/\/valentin.mx\/cortina\/wp-content\/uploads\/2024\/12\/Header-Nuestra-Tecnologia.jpg\" class=\"bg attachment-original size-original\" alt=\"\" \/>                                    \n                    <\/div>\n\t\t\n        <div class=\"banner-layers container\">\n            <div class=\"fill banner-link\"><\/div>            \n\n   <div id=\"text-box-340754425\" class=\"text-box banner-layer x5 md-x5 lg-x5 y85 md-y85 lg-y85 res-text\">\n                                <div class=\"text-box-content text dark\">\n              \n              <div class=\"text-inner text-left\">\n                  \n\n\t<div id=\"text-3978746110\" class=\"text\">\n\t\t\n\n<p style=\"font-weight: 300;\"><span data-text-color=\"primary\">Cortina Bienes Ra\u00edces ha desarrollado varios sistemas especializados para la administraci\u00f3n de inmuebles.<\/span> <\/p>\n\t\t\n<style>\n#text-3978746110 {\n  font-size: 1.1rem;\n}\n<\/style>\n\t<\/div>\n\t\n\n              <\/div>\n           <\/div>\n                            \n<style>\n#text-box-340754425 {\n  width: 60%;\n}\n#text-box-340754425 .text-box-content {\n  font-size: 100%;\n}\n@media (min-width:550px) {\n  #text-box-340754425 {\n    width: 33%;\n  }\n}\n<\/style>\n    <\/div>\n \n\n        <\/div>\n      <\/div>\n\n            \n<style>\n#banner-765667782 {\n  padding-top: 56.25%;\n}\n<\/style>\n  <\/div>\n\n\n<div class=\"message-box relative\" style=\"padding-top:46px;padding-bottom:46px;\"><div class=\"message-box-bg-image bg-fill fill\" ><\/div><div class=\"message-box-bg-overlay bg-fill fill\" style=\"background-color:rgb(255, 255, 255);\"><\/div><div class=\"container relative\"><div class=\"inner last-reset\">\n\n<div class=\"row align-middle align-center\"  id=\"row-1101533621\">\n\n\n\t<div id=\"col-242827591\" class=\"col medium-11 small-12 large-11\"  >\n\t\t\t\t<div class=\"col-inner\"  >\n\t\t\t\n\t\t\t\n\n\t<div id=\"text-1080763837\" class=\"text\">\n\t\t\n\n<h3 style=\"font-size: 36px; font-weight: 300;\"><span data-text-color=\"primary\">Cortina ha desarrollado sistemas especializados para la administraci\u00f3n de inmuebles. Actualmente utilizamos un Sistema ERP de c\u00f3digo abierto con un desarrollo propio, VAI \u2013 Vertical de Administraci\u00f3n Inmobiliaria y Merl\u00edn Cortina una APP propia. <\/span><\/h3>\n\t\t\n<style>\n#text-1080763837 {\n  text-align: center;\n}\n<\/style>\n\t<\/div>\n\t\n\n\t\t<\/div>\n\t\t\t\t\t<\/div>\n\n\t\n\n<\/div>\n\n<\/div><\/div><\/div>\n\n\t<section class=\"section\" id=\"section_1351814810\">\n\t\t<div class=\"section-bg fill\" >\n\t\t\t\t\t\t\t\t\t\n\t\t\t\n\t<div class=\"is-border\"\n\t\tstyle=\"border-color:rgb(235, 235, 235);border-width:1px 0px 0px 0px;\">\n\t<\/div>\n\n\t\t<\/div>\n\n\t\t\n\n\t\t<div class=\"section-content relative\">\n\t\t\t\n\n<div class=\"row row-collapse row-full-width\"  id=\"row-2062586631\">\n\n\n\t<div id=\"col-356015192\" class=\"col medium-5 small-12 large-5\"  >\n\t\t\t\t<div class=\"col-inner\"  >\n\t\t\t\n\t\t\t\n\n\t<div class=\"img has-hover x md-x lg-x y md-y lg-y\" id=\"image_1847845241\">\n\t\t\t\t\t\t\t\t<div class=\"img-inner dark\" >\n\t\t\t<img loading=\"lazy\" decoding=\"async\" width=\"834\" height=\"1219\" src=\"https:\/\/valentin.mx\/cortina\/wp-content\/uploads\/2024\/11\/fto-08.jpg\" class=\"attachment-large size-large\" alt=\"\" srcset=\"https:\/\/valentin.mx\/cortina\/wp-content\/uploads\/2024\/11\/fto-08.jpg 834w, https:\/\/valentin.mx\/cortina\/wp-content\/uploads\/2024\/11\/fto-08-600x877.jpg 600w, https:\/\/valentin.mx\/cortina\/wp-content\/uploads\/2024\/11\/fto-08-616x900.jpg 616w, https:\/\/valentin.mx\/cortina\/wp-content\/uploads\/2024\/11\/fto-08-342x500.jpg 342w, https:\/\/valentin.mx\/cortina\/wp-content\/uploads\/2024\/11\/fto-08-768x1123.jpg 768w\" sizes=\"auto, (max-width: 834px) 100vw, 834px\" \/>\t\t\t\t\t\t\n\t\t\t\t\t<\/div>\n\t\t\t\t\t\t\t\t\n<style>\n#image_1847845241 {\n  width: 100%;\n}\n<\/style>\n\t<\/div>\n\t\n\n\n\t\t<\/div>\n\t\t\t\t\t<\/div>\n\n\t\n\n\t<div id=\"col-740153557\" class=\"col medium-7 small-12 large-7\"  >\n\t\t\t\t<div class=\"col-inner\" style=\"background-color:rgb(178, 201, 199);\" >\n\t\t\t\n\t\t\t\n\n<table style=\"border: none; border-bottom: hidden;\" border=\"0\" width=\"60%\" cellspacing=\"0\" cellpadding=\"0\">\n<tbody>\n<tr>\n<td style=\"width: 110px; border: none;\"><img loading=\"lazy\" decoding=\"async\" class=\"alignnone  wp-image-137\" src=\"https:\/\/valentin.mx\/cortina\/wp-content\/uploads\/2024\/10\/octagono.png\" alt=\"Octagono\" width=\"95\" height=\"110\" \/><\/td>\n<td style=\"border: none;\">\n<h2><span data-text-color=\"primary\">SISTEMA VAI de<br \/>Cortina Bienes Ra\u00edces<br \/><\/span><\/h2>\n<\/td>\n<\/tr>\n<\/tbody>\n<\/table>\n<p>Nuestro sistema ERP &#8211; VAI, es la herramienta que nos permite a Cortina, integrar la informaci\u00f3n de los inmuebles que administramos.\u00a0<\/p>\n<p>La VAI est\u00e1 dividida en m\u00f3dulos:<\/p>\n<p>Como sistema integral re\u00fane en m\u00f3dulos los diversos procesos que requerimos para administrar inmuebles: Compras, cuentas por cobrar, cuentas por pagar, facturaci\u00f3n, contabilidad, mesa de ayuda, mantenimiento, informes, informes de flujo e informes contables.\u00a0\u00a0<\/p>\n<p>En el m\u00f3dulo de Vertical inmobiliaria se tiene el registro de las unidades privativas, los clientes y los planes de facturaci\u00f3n, esto de acuerdo a las particularidades y necesidades de los inmuebles.\u00a0<\/p>\n<p>El m\u00f3dulo de mantenimiento\u00a0 contiene el estatus en que se encuentra el equipamiento del inmueble, por ejemplo su planta de emergencia. Tambi\u00e9n se puede observar el listado de las actividades de acuerdo al estado en el que se encuentran. Adem\u00e1s de la programaci\u00f3n de actividades futuras.<\/p>\n<p>En el m\u00f3dulo de compras, podemos consultar las solicitudes, realizar los pedidos u ordenes de compra as\u00ed como analizar la informaci\u00f3n.<\/p>\n<p>El m\u00f3dulo de asistencia da la facilidad de registrar quejas, solicitudes, sugerencias con evidencia fotogr\u00e1fica mediante tickets. El seguimiento de la atenci\u00f3n se documenta por lo que el ticket contiene el trazo de actividades hasta su situaci\u00f3n actual.<\/p>\n\n\t\t<\/div>\n\t\t\t\t\n<style>\n#col-740153557 > .col-inner {\n  padding: 5% 5% 5% 5%;\n  margin: 0px 0px 0px 0px;\n  max-width: 720px;\n}\n<\/style>\n\t<\/div>\n\n\t\n\n<\/div>\n\n\t\t<\/div>\n\n\t\t\n<style>\n#section_1351814810 {\n  padding-top: 0px;\n  padding-bottom: 0px;\n  min-height: 300px;\n  background-color: rgb(166, 192, 190);\n}\n<\/style>\n\t<\/section>\n\t\n\n\t<section class=\"section\" id=\"section_490175151\">\n\t\t<div class=\"section-bg fill\" >\n\t\t\t\t\t\t\t\t\t\n\t\t\t\n\t<div class=\"is-border\"\n\t\tstyle=\"border-color:rgb(235, 235, 235);border-width:1px 0px 0px 0px;\">\n\t<\/div>\n\n\t\t<\/div>\n\n\t\t\n\n\t\t<div class=\"section-content relative\">\n\t\t\t\n\n<div class=\"row row-collapse row-full-width align-middle\"  id=\"row-460459977\">\n\n\n\t<div id=\"col-1813330735\" class=\"col medium-7 small-12 large-7\"  >\n\t\t\t\t<div class=\"col-inner\"  >\n\t\t\t\n\t\t\t\n\n<table style=\"border: none; border-bottom: hidden;\" border=\"0\" width=\"60%\" cellspacing=\"0\" cellpadding=\"0\">\n<tbody>\n<tr>\n<td style=\"width: 110px; border: none;\"><img loading=\"lazy\" decoding=\"async\" class=\"alignnone  wp-image-137\" src=\"https:\/\/valentin.mx\/cortina\/wp-content\/uploads\/2024\/10\/octagono.png\" alt=\"Octagono\" width=\"95\" height=\"110\" \/><\/td>\n<td style=\"border: none;\">\n<h2><span data-text-color=\"primary\">MERL\u00cdN<br \/>CORTINA<br \/><\/span><\/h2>\n<\/td>\n<\/tr>\n<\/tbody>\n<\/table>\n<p>Merl\u00edn Cortina es una APP propia de apoyo para el ocupante y\/o propietario que permite visualizar e interactuar para recibir servicios que el inmueble le ofrece.<\/p>\n<p>Merl\u00edn Cortina est\u00e1 conformado por m\u00f3dulos, como:<\/p>\n<p>Mis visitas: proporciona un QR a las personas que ingresan, de acuerdo a la duraci\u00f3n de su estad\u00eda, permitiendo tener un control de quienes entran y salen.<\/p>\n<p>Mis reservaciones: Administra las diversas amenidades con que cuenta el inmueble.<\/p>\n<p>Mesa de ayuda: Genera tickets de incidencias tales como: Correctivos, quejas, sugerencias, servicios o agradecimientos<\/p>\n<p>Finanzas: Permite al cond\u00f3mino tener acceso a la informaci\u00f3n financiera de la unidad privativa: Saldos, Cuotas pendientes, entre otros.<\/p>\n<p>Comunicados: Dar a conocer la informaci\u00f3n relevante para cond\u00f3minos, ocupantes o comit\u00e9 de vigilancia.<\/p>\n<p>Paqueter\u00eda: Gestiona la recepci\u00f3n de la paqueter\u00eda que llega al lobby hasta su entrega al propietario.<\/p>\n<p>LA APP Merl\u00edn Cortina se \u00a0conecta con el sistema ERP &#8211; VAI de Cortina para relacionar, validar, registrar datos o reglas de administraci\u00f3n.<\/p>\n<p>\u00a0<\/p>\n<p>\u00a0<\/p>\n\n\t\t<\/div>\n\t\t\t\t\n<style>\n#col-1813330735 > .col-inner {\n  padding: 5% 5% 5% 5%;\n  max-width: 720px;\n}\n<\/style>\n\t<\/div>\n\n\t\n\n\t<div id=\"col-60915630\" class=\"col medium-5 small-12 large-5\"  >\n\t\t\t\t<div class=\"col-inner\" style=\"background-color:rgb(178, 201, 199);\" >\n\t\t\t\n\t\t\t\n\n\n\n<video controls  style=\"min-aspect-ratio: 16\/9; width:100%\">   \n <source src=\"https:\/\/valentin.mx\/cortina\/wp-content\/uploads\/2024\/12\/video.mp4\" type=\"video\/mp4\">\n <source src=\"https:\/\/valentin.mx\/cortina\/wp-content\/uploads\/2024\/12\/video.ogg\" type=\"video\/ogg\">\n <source src=\"https:\/\/valentin.mx\/cortina\/wp-content\/uploads\/2024\/12\/video.webm\" type=\"video\/webm\">\n  Your browser does not support the video tag.\n<\/video>\n\n\n\t\t<\/div>\n\t\t\t\t\t<\/div>\n\n\t\n\n\n<style>\n#row-460459977 > .col > .col-inner {\n  background-color: rgb(178, 201, 199);\n}\n<\/style>\n<\/div>\n\n\t\t<\/div>\n\n\t\t\n<style>\n#section_490175151 {\n  padding-top: 0px;\n  padding-bottom: 0px;\n  min-height: 300px;\n  background-color: rgb(178, 201, 199);\n}\n<\/style>\n\t<\/section>\n\t\n<div class=\"message-box relative\" style=\"padding-top:46px;padding-bottom:46px;\"><div class=\"message-box-bg-image bg-fill fill\" ><\/div><div class=\"message-box-bg-overlay bg-fill fill\" style=\"background-color:rgb(255, 255, 255);\"><\/div><div class=\"container relative\"><div class=\"inner last-reset\">\n\n<div class=\"row align-middle align-center\"  id=\"row-1205908249\">\n\n\n\t<div id=\"col-1960321576\" class=\"col small-12 large-12\"  >\n\t\t\t\t<div class=\"col-inner\"  >\n\t\t\t\n\t\t\t\n\n\t<div id=\"text-3612364933\" class=\"text\">\n\t\t\n\n<h3 style=\"font-weight: 300; font-size:36px\"><span data-text-color=\"primary\">En Cortina Bienes Ra\u00edces, hemos desarrollado tecnolog\u00eda de punta para gestionar y proteger tus propiedades. Cont\u00e1ctanos hoy mismo y descubre c\u00f3mo nuestra innovaci\u00f3n puede simplificar la administraci\u00f3n de los bienes inmuebles.<\/span><\/h3>\n\t\t\n<style>\n#text-3612364933 {\n  text-align: center;\n}\n<\/style>\n\t<\/div>\n\t\n\n\t\t<\/div>\n\t\t\t\t\t<\/div>\n\n\t\n\n<\/div>\n\n<\/div><\/div><\/div>\n\n\t<section class=\"section\" id=\"section_402050871\">\n\t\t<div class=\"section-bg fill\" >\n\t\t\t\t\t\t\t\t\t\n\t\t\t\n\t<div class=\"is-border\"\n\t\tstyle=\"border-color:rgb(235, 235, 235);border-width:1px 0px 0px 0px;\">\n\t<\/div>\n\n\t\t<\/div>\n\n\t\t\n\n\t\t<div class=\"section-content relative\">\n\t\t\t\n\n<div class=\"row\"  id=\"row-937634177\">\n\n\n\t<div id=\"col-1866778380\" class=\"col medium-7 small-12 large-7\"  >\n\t\t\t\t<div class=\"col-inner\"  >\n\t\t\t\n\t\t\t\n\n<h2 class=\" \"><span data-text-color=\"secondary\">\u00bfBuscas una administraci\u00f3n eficiente y moderna de tu propiedad?<\/span><\/h2>\n<p>Administra de forma f\u00e1cil tu inmueble<\/p>\n\n<div class=\"wpcf7 no-js\" id=\"wpcf7-f759-o1\" lang=\"es-ES\" dir=\"ltr\" data-wpcf7-id=\"759\">\n<div class=\"screen-reader-response\"><p role=\"status\" aria-live=\"polite\" aria-atomic=\"true\"><\/p> <ul><\/ul><\/div>\n<form action=\"\/cortina\/wp-json\/wp\/v2\/pages\/19#wpcf7-f759-o1\" method=\"post\" class=\"wpcf7-form init\" aria-label=\"Formulario de contacto\" novalidate=\"novalidate\" data-status=\"init\">\n<div style=\"display: none;\">\n<input type=\"hidden\" name=\"_wpcf7\" value=\"759\" \/>\n<input type=\"hidden\" name=\"_wpcf7_version\" value=\"6.0.2\" \/>\n<input type=\"hidden\" name=\"_wpcf7_locale\" value=\"es_ES\" \/>\n<input type=\"hidden\" name=\"_wpcf7_unit_tag\" value=\"wpcf7-f759-o1\" \/>\n<input type=\"hidden\" name=\"_wpcf7_container_post\" value=\"0\" \/>\n<input type=\"hidden\" name=\"_wpcf7_posted_data_hash\" value=\"\" \/>\n<input type=\"hidden\" name=\"_wpcf7cf_hidden_group_fields\" value=\"[]\" \/>\n<input type=\"hidden\" name=\"_wpcf7cf_hidden_groups\" value=\"[]\" \/>\n<input type=\"hidden\" name=\"_wpcf7cf_visible_groups\" value=\"[]\" \/>\n<input type=\"hidden\" name=\"_wpcf7cf_repeaters\" value=\"[]\" \/>\n<input type=\"hidden\" name=\"_wpcf7cf_steps\" value=\"{}\" \/>\n<input type=\"hidden\" name=\"_wpcf7cf_options\" value=\"{&quot;form_id&quot;:759,&quot;conditions&quot;:[{&quot;then_field&quot;:&quot;cortina-admin&quot;,&quot;and_rules&quot;:[{&quot;if_field&quot;:&quot;interest&quot;,&quot;operator&quot;:&quot;equals&quot;,&quot;if_value&quot;:&quot;Que Cortina administre mi inmueble&quot;}]}],&quot;settings&quot;:{&quot;animation&quot;:&quot;yes&quot;,&quot;animation_intime&quot;:200,&quot;animation_outtime&quot;:200,&quot;conditions_ui&quot;:&quot;normal&quot;,&quot;notice_dismissed&quot;:false}}\" \/>\n<\/div>\n<div style=\"display: flex; flex-direction: column; gap: 10px;\">\n \n <!-- Nombre -->\n\t<div style=\"display: flex;\">\n\t\t<div style=\"flex: 1; border: 0px solid black; padding: 0px;\">\n\t\t\t<p><label> Nombre <span class=\"wpcf7-form-control-wrap\" data-name=\"your-name\"><input size=\"40\" maxlength=\"400\" class=\"wpcf7-form-control wpcf7-text wpcf7-validates-as-required\" autocomplete=\"name\" aria-required=\"true\" aria-invalid=\"false\" value=\"\" type=\"text\" name=\"your-name\" \/><\/span> <\/label>\n\t\t\t<\/p>\n\t\t<\/div>\n\t<\/div>\n\n <!-- Fila 2 con 1 columna -->\n\t<div style=\"display: flex;\">\n\t\t<div style=\"flex: 1; border: 0px solid black; padding: 0px;\">\n\t\t<\/div>\n\t<\/div>\n\n <!-- Fila 3 con 2 columnas -->\n\t<div style=\"display: flex; gap: 10px;\">\n\t\t<div style=\"flex: 1; border: 0px solid black; padding: 0px;\">\n\t\t\t<p><label> Correo electr\u00f3nico <span class=\"wpcf7-form-control-wrap\" data-name=\"your-email\"><input size=\"40\" maxlength=\"400\" class=\"wpcf7-form-control wpcf7-email wpcf7-validates-as-required wpcf7-text wpcf7-validates-as-email\" autocomplete=\"email\" aria-required=\"true\" aria-invalid=\"false\" value=\"\" type=\"email\" name=\"your-email\" \/><\/span> <\/label>\n\t\t\t<\/p>\n\t\t<\/div>\n\t\t<div style=\"flex: 1; border: 0px solid black; padding: 0px;\">\n\t\t\t<p><label> Tel\u00e9fono <span class=\"wpcf7-form-control-wrap\" data-name=\"tel-52\"><input size=\"40\" maxlength=\"400\" class=\"wpcf7-form-control wpcf7-tel wpcf7-validates-as-required wpcf7-text wpcf7-validates-as-tel\" aria-required=\"true\" aria-invalid=\"false\" value=\"\" type=\"tel\" name=\"tel-52\" \/><\/span><\/label>\n\t\t\t<\/p>\n\t\t<\/div>\n\t\t<div style=\"flex: 0.5; border: 0px solid black; padding: 0px;\">\n\t\t\t<p><label> Ext. <span class=\"wpcf7-form-control-wrap\" data-name=\"extension\"><input size=\"40\" maxlength=\"400\" class=\"wpcf7-form-control wpcf7-text\" aria-invalid=\"false\" value=\"\" type=\"text\" name=\"extension\" \/><\/span><\/label>\n\t\t\t<\/p>\n\t\t<\/div>\n\t<\/div>\n\n \n <!-- Campo de inter\u00e9s -->\n\t<div style=\"display: flex;\">\n\t\t<div style=\"flex: 1;\">\n\t\t\t<p><label> Inter\u00e9s:<br \/>\n<span class=\"wpcf7-form-control-wrap\" data-name=\"interest\"><select class=\"wpcf7-form-control wpcf7-select wpcf7-validates-as-required\" aria-required=\"true\" aria-invalid=\"false\" name=\"interest\"><option value=\"\">&#8212;Por favor, elige una opci\u00f3n&#8212;<\/option><option value=\"Cortina es mi actual administrador y quiero tratar un tema con la direcci\u00f3n.\">Cortina es mi actual administrador y quiero tratar un tema con la direcci\u00f3n.<\/option><option value=\"Que Cortina administre mi inmueble\">Que Cortina administre mi inmueble<\/option><option value=\"Soy administrador y requiero apoyo tecnol\u00f3gico u otros apoyos de Cortina.\">Soy administrador y requiero apoyo tecnol\u00f3gico u otros apoyos de Cortina.<\/option><option value=\"Tratar con Cortina un asunto diferente\">Tratar con Cortina un asunto diferente<\/option><\/select><\/span><br \/>\n<\/label>\n\t\t\t<\/p>\n\t\t<\/div>\n\t<\/div>\n\n <!-- Grupo condicional para la opci\u00f3n \"Que Cortina administre mi inmueble\" -->\n\t<div data-id=\"cortina-admin\" data-orig_data_id=\"cortina-admin\"  data-class=\"wpcf7cf_group\">\n\t\t<div style=\"display: flex; flex-direction: column; gap: 10px;\">\n\t\t\t<div style=\"flex: 1;\">\n\t\t\t\t<p><label> Tipo de inmueble:<br \/>\n<span class=\"wpcf7-form-control-wrap\" data-name=\"property-type\"><select class=\"wpcf7-form-control wpcf7-select wpcf7-validates-as-required\" aria-required=\"true\" aria-invalid=\"false\" name=\"property-type\"><option value=\"\">&#8212;Por favor, elige una opci\u00f3n&#8212;<\/option><option value=\"Residencial\">Residencial<\/option><option value=\"Comercial\">Comercial<\/option><option value=\"Corporativo\">Corporativo<\/option><option value=\"Industrial\">Industrial<\/option><option value=\"Mixto\">Mixto<\/option><\/select><\/span><br \/>\n<\/label>\n\t\t\t\t<\/p>\n\t\t\t<\/div>\n\t\t\t<div style=\"flex: 1;\">\n\t\t\t\t<p><label> Nombre del inmueble:<br \/>\n<span class=\"wpcf7-form-control-wrap\" data-name=\"property-name\"><input size=\"40\" maxlength=\"400\" class=\"wpcf7-form-control wpcf7-text wpcf7-validates-as-required\" aria-required=\"true\" aria-invalid=\"false\" placeholder=\"Ejemplo: Torre Reforma\" value=\"\" type=\"text\" name=\"property-name\" \/><\/span><br \/>\n<\/label>\n\t\t\t\t<\/p>\n\t\t\t<\/div>\n\t\t\t<div style=\"flex: 1;\">\n\t\t\t\t<p><label> Ubicaci\u00f3n de inmueble:<br \/>\n<span class=\"wpcf7-form-control-wrap\" data-name=\"property-location\"><input size=\"40\" maxlength=\"400\" class=\"wpcf7-form-control wpcf7-text wpcf7-validates-as-required\" aria-required=\"true\" aria-invalid=\"false\" placeholder=\"Ejemplo: Ciudad de M\u00e9xico\" value=\"\" type=\"text\" name=\"property-location\" \/><\/span><br \/>\n<\/label>\n\t\t\t\t<\/p>\n\t\t\t<\/div>\n\t\t\t<div style=\"flex: 1;\">\n\t\t\t\t<p><label> N\u00famero de unidades privativas:<br \/>\n<span class=\"wpcf7-form-control-wrap\" data-name=\"property-units\"><input class=\"wpcf7-form-control wpcf7-number wpcf7-validates-as-required wpcf7-validates-as-number\" aria-required=\"true\" aria-invalid=\"false\" placeholder=\"Ejemplo: 50\" value=\"\" type=\"number\" name=\"property-units\" \/><\/span><br \/>\n<\/label>\n\t\t\t\t<\/p>\n\t\t\t<\/div>\n\t\t\t<div style=\"flex: 1;\">\n\t\t\t\t<p><label> Administrador actual:<br \/>\n<span class=\"wpcf7-form-control-wrap\" data-name=\"property-manager\"><input size=\"40\" maxlength=\"400\" class=\"wpcf7-form-control wpcf7-text\" aria-invalid=\"false\" placeholder=\"Ejemplo: Juan P\u00e9rez\" value=\"\" type=\"text\" name=\"property-manager\" \/><\/span><br \/>\n<\/label>\n\t\t\t\t<\/p>\n\t\t\t<\/div>\n\t\t\t<div style=\"flex: 1;\">\n\t\t\t\t<p><label> Particularidades:<br \/>\n<span class=\"wpcf7-form-control-wrap\" data-name=\"property-details\"><textarea cols=\"40\" rows=\"10\" maxlength=\"2000\" class=\"wpcf7-form-control wpcf7-textarea\" aria-invalid=\"false\" placeholder=\"Ejemplo: Tiene problemas de mantenimiento\" name=\"property-details\"><\/textarea><\/span><br \/>\n<\/label>\n\t\t\t\t<\/p>\n\t\t\t<\/div>\n\t\t<\/div>\n\t<\/div>\n\n <!-- Campo de mensaje (para todas las opciones) -->\n\t<div style=\"display: flex;\">\n\t\t<div style=\"flex: 1;\">\n\t\t\t<p><label> Mensaje (opcional):<br \/>\n<span class=\"wpcf7-form-control-wrap\" data-name=\"your-message\"><textarea cols=\"40\" rows=\"10\" maxlength=\"2000\" class=\"wpcf7-form-control wpcf7-textarea\" aria-invalid=\"false\" placeholder=\"Escribe tu mensaje aqu\u00ed\" name=\"your-message\"><\/textarea><\/span><br \/>\n<\/label>\n\t\t\t<\/p>\n\t\t<\/div>\n\t<\/div>\n\n <!-- Bot\u00f3n de env\u00edo -->\n\t<div style=\"display: flex;\">\n\t\t<div style=\"flex: 1;\">\n\t\t\t<p><input class=\"wpcf7-form-control wpcf7-submit has-spinner\" type=\"submit\" value=\"Enviar\" \/>\n\t\t\t<\/p>\n\t\t<\/div>\n\t<\/div>\n<\/div><div class=\"wpcf7-response-output\" aria-hidden=\"true\"><\/div>\n<\/form>\n<\/div>\n\n\n\n\t\t<\/div>\n\t\t\t\t\t<\/div>\n\n\t\n\n\t<div id=\"col-1028800543\" class=\"col medium-2 small-12 large-2\"  >\n\t\t\t\t<div class=\"col-inner\"  >\n\t\t\t\n\t\t\t\n\n\n\t\t<\/div>\n\t\t\t\t\t<\/div>\n\n\t\n\n\t<div id=\"col-1599970999\" class=\"col medium-3 small-12 large-3\"  >\n\t\t\t\t<div class=\"col-inner\"  >\n\t\t\t\n\t\t\t\n\n<p><span data-text-color=\"primary\">MAIL:<\/span><br \/><span data-text-color=\"primary\"><a href=\"mailto:contacto@cortina.com.mx\">contacto@cortina.com.mx<\/a> <\/span><\/p>\n<p><span data-text-color=\"primary\">TEL\u00c9FONO:<\/span><br \/><span data-text-color=\"primary\">55 55406983 al 87<\/span><\/p>\n\n\t\t<\/div>\n\t\t\t\t\t<\/div>\n\n\t\n\n<\/div>\n\n\t\t<\/div>\n\n\t\t\n<style>\n#section_402050871 {\n  padding-top: 60px;\n  padding-bottom: 60px;\n  min-height: 300px;\n  background-color: rgb(204, 219, 218);\n}\n<\/style>\n\t<\/section>\n\t\n\n\n","protected":false},"excerpt":{"rendered":"","protected":false},"author":1,"featured_media":0,"parent":0,"menu_order":0,"comment_status":"closed","ping_status":"closed","template":"page-transparent-header-light.php","meta":{"footnotes":""},"class_list":["post-19","page","type-page","status-publish","hentry"],"_links":{"self":[{"href":"https:\/\/valentin.mx\/cortina\/wp-json\/wp\/v2\/pages\/19","targetHints":{"allow":["GET"]}}],"collection":[{"href":"https:\/\/valentin.mx\/cortina\/wp-json\/wp\/v2\/pages"}],"about":[{"href":"https:\/\/valentin.mx\/cortina\/wp-json\/wp\/v2\/types\/page"}],"author":[{"embeddable":true,"href":"https:\/\/valentin.mx\/cortina\/wp-json\/wp\/v2\/users\/1"}],"replies":[{"embeddable":true,"href":"https:\/\/valentin.mx\/cortina\/wp-json\/wp\/v2\/comments?post=19"}],"version-history":[{"count":45,"href":"https:\/\/valentin.mx\/cortina\/wp-json\/wp\/v2\/pages\/19\/revisions"}],"predecessor-version":[{"id":1185,"href":"https:\/\/valentin.mx\/cortina\/wp-json\/wp\/v2\/pages\/19\/revisions\/1185"}],"wp:attachment":[{"href":"https:\/\/valentin.mx\/cortina\/wp-json\/wp\/v2\/media?parent=19"}],"curies":[{"name":"wp","href":"https:\/\/api.w.org\/{rel}","templated":true}]}}