{"id":15,"date":"2024-10-02T01:32:48","date_gmt":"2024-10-02T01:32:48","guid":{"rendered":"https:\/\/valentin.mx\/cortina\/?page_id=15"},"modified":"2025-01-08T23:24:28","modified_gmt":"2025-01-08T23:24:28","slug":"que-ofrecemos","status":"publish","type":"page","link":"https:\/\/valentin.mx\/cortina\/que-ofrecemos\/","title":{"rendered":"Qu\u00e9 ofrecemos"},"content":{"rendered":"\n<div class=\"slider-wrapper relative\" id=\"slider-1170221057\" >\n    <div class=\"slider slider-nav-circle slider-nav-large slider-nav-light slider-style-normal\"\n        data-flickity-options='{\n            \"cellAlign\": \"center\",\n            \"imagesLoaded\": true,\n            \"lazyLoad\": 1,\n            \"freeScroll\": false,\n            \"wrapAround\": true,\n            \"autoPlay\": 6000,\n            \"pauseAutoPlayOnHover\" : true,\n            \"prevNextButtons\": true,\n            \"contain\" : true,\n            \"adaptiveHeight\" : true,\n            \"dragThreshold\" : 10,\n            \"percentPosition\": true,\n            \"pageDots\": true,\n            \"rightToLeft\": false,\n            \"draggable\": true,\n            \"selectedAttraction\": 0.1,\n            \"parallax\" : 0,\n            \"friction\": 0.6        }'\n        >\n        \n\n\n     <\/div>\n\n     <div class=\"loading-spin dark large centered\"><\/div>\n\n\t<\/div>\n\n\n\n  <div class=\"banner has-hover\" id=\"banner-1572167210\">\n          <div class=\"banner-inner fill\">\n        <div class=\"banner-bg fill\" >\n            <img loading=\"lazy\" decoding=\"async\" width=\"1920\" height=\"1080\" src=\"https:\/\/valentin.mx\/cortina\/wp-content\/uploads\/2024\/10\/Header-Que-Ofrecemos.jpg\" class=\"bg attachment-original size-original\" alt=\"\" \/>                                    \n                    <\/div>\n\t\t\n        <div class=\"banner-layers container\">\n            <div class=\"fill banner-link\"><\/div>            \n\n   <div id=\"text-box-585095750\" class=\"text-box banner-layer x5 md-x5 lg-x5 y90 md-y90 lg-y90 res-text\">\n                                <div class=\"text-box-content text dark\">\n              \n              <div class=\"text-inner text-left\">\n                  \n\n\t<div id=\"text-4281114427\" class=\"text\">\n\t\t\n\n<p style=\"font-weight: 300;\"><span data-text-color=\"primary\">En Cortina Bienes Ra\u00edces nuestra prioridad es brindarte un conjunto integral de servicios dise\u00f1ados para garantizar el bienestar y eficiencia de tus propiedades en condominio.<\/span><\/p>\n\t\t\n<style>\n#text-4281114427 {\n  font-size: 1.1rem;\n}\n<\/style>\n\t<\/div>\n\t\n\n              <\/div>\n           <\/div>\n                            \n<style>\n#text-box-585095750 {\n  width: 60%;\n}\n#text-box-585095750 .text-box-content {\n  font-size: 100%;\n}\n@media (min-width:550px) {\n  #text-box-585095750 {\n    width: 40%;\n  }\n}\n<\/style>\n    <\/div>\n \n\n        <\/div>\n      <\/div>\n\n            \n<style>\n#banner-1572167210 {\n  padding-top: 56.25%;\n}\n<\/style>\n  <\/div>\n\n\n<div class=\"message-box relative\" style=\"padding-top:51px;padding-bottom:51px;\"><div class=\"message-box-bg-image bg-fill fill\" ><\/div><div class=\"message-box-bg-overlay bg-fill fill\" style=\"background-color:rgb(255, 255, 255);\"><\/div><div class=\"container relative\"><div class=\"inner last-reset\">\n\n<div class=\"row align-middle align-center\"  id=\"row-1091164906\">\n\n\n\t<div id=\"col-1389286265\" class=\"col medium-9 small-12 large-9\"  >\n\t\t\t\t<div class=\"col-inner\"  >\n\t\t\t\n\t\t\t\n\n\t<div id=\"text-2705647466\" class=\"text\">\n\t\t\n\n<h2 style=\"font-weight:300; font-size:36px\"><span data-text-color=\"primary\">Nuestro ofrecimiento se basa en cuatro pilares fundamentales<\/span><\/h2>\n\t\t\n<style>\n#text-2705647466 {\n  text-align: center;\n}\n<\/style>\n\t<\/div>\n\t\n\n\t\t<\/div>\n\t\t\t\t\t<\/div>\n\n\t\n\n<\/div>\n\n<\/div><\/div><\/div>\n\n\t<section class=\"section\" id=\"section_851238881\">\n\t\t<div class=\"section-bg fill\" >\n\t\t\t\t\t\t\t\t\t\n\t\t\t\n\t<div class=\"is-border\"\n\t\tstyle=\"border-color:rgb(235, 235, 235);border-width:1px 0px 0px 0px;\">\n\t<\/div>\n\n\t\t<\/div>\n\n\t\t\n\n\t\t<div class=\"section-content relative\">\n\t\t\t\n\n<div class=\"row row-collapse row-full-width align-middle\"  id=\"row-15302903\">\n\n\n\t<div id=\"col-274251109\" class=\"col medium-5 small-12 large-5\"  >\n\t\t\t\t<div class=\"col-inner\"  >\n\t\t\t\n\t\t\t\n\n\t<div class=\"img has-hover x md-x lg-x y md-y lg-y\" id=\"image_1020420924\">\n\t\t\t\t\t\t\t\t<div class=\"img-inner dark\" >\n\t\t\t<img loading=\"lazy\" decoding=\"async\" width=\"611\" height=\"847\" src=\"https:\/\/valentin.mx\/cortina\/wp-content\/uploads\/2024\/10\/fto-02-e1729048485529.jpg\" class=\"attachment-original size-original\" alt=\"\" srcset=\"https:\/\/valentin.mx\/cortina\/wp-content\/uploads\/2024\/10\/fto-02-e1729048485529.jpg 611w, https:\/\/valentin.mx\/cortina\/wp-content\/uploads\/2024\/10\/fto-02-e1729048485529-600x832.jpg 600w, https:\/\/valentin.mx\/cortina\/wp-content\/uploads\/2024\/10\/fto-02-e1729048485529-361x500.jpg 361w\" sizes=\"auto, (max-width: 611px) 100vw, 611px\" \/>\t\t\t\t\t\t\n\t\t\t\t\t<\/div>\n\t\t\t\t\t\t\t\t\n<style>\n#image_1020420924 {\n  width: 73%;\n}\n<\/style>\n\t<\/div>\n\t\n\n\n\t\t<\/div>\n\t\t\t\t\t<\/div>\n\n\t\n\n\t<div id=\"col-928784025\" class=\"col medium-7 small-12 large-7\"  >\n\t\t\t\t<div class=\"col-inner\"  >\n\t\t\t\n\t\t\t\n\n\t<div id=\"text-4025357043\" class=\"text\">\n\t\t\n\n<table style=\"border: none; border-bottom: hidden;\" border=\"0\" width=\"50%\" cellspacing=\"0\" cellpadding=\"0\">\n<tbody>\n<tr>\n<td style=\"width: 110px; border: none;\"><img loading=\"lazy\" decoding=\"async\" class=\"alignnone  wp-image-137\" src=\"https:\/\/valentin.mx\/cortina\/wp-content\/uploads\/2024\/10\/octagono.png\" alt=\"Octagono\" width=\"95\" height=\"110\" \/><\/td>\n<td style=\"border: none;\">\n<h2><span data-text-color=\"primary\">Servicio<br \/>Personal<br \/><\/span><\/h2>\n<\/td>\n<\/tr>\n<\/tbody>\n<\/table>\n\t\t\n<style>\n#text-4025357043 {\n  text-align: left;\n}\n<\/style>\n\t<\/div>\n\t\n<p style=\"font-weight: 300;\">Nuestro compromiso es ofrecer un servicio personalizado y profesional que se destaca por su relaci\u00f3n cercana y dedicada.<\/p>\n<p style=\"font-weight: 300;\">Sabemos que cada propiedad es \u00fanica y adaptamos nuestros servicios para satisfacer tus necesidades.<\/p>\n<p style=\"font-weight: 300;\">En Cortina, tu satisfacci\u00f3n es nuestra m\u00e1xima prioridad.<\/p>\n\n\t\t<\/div>\n\t\t\t\t\n<style>\n#col-928784025 > .col-inner {\n  padding: 5% 5% 5% 5%;\n  max-width: 720px;\n}\n<\/style>\n\t<\/div>\n\n\t\n\n<\/div>\n\n\t\t<\/div>\n\n\t\t\n<style>\n#section_851238881 {\n  padding-top: 0px;\n  padding-bottom: 0px;\n  min-height: 300px;\n  background-color: rgb(166, 192, 190);\n}\n<\/style>\n\t<\/section>\n\t\n\n\t<section class=\"section\" id=\"section_777542860\">\n\t\t<div class=\"section-bg fill\" >\n\t\t\t\t\t\t\t\t\t\n\t\t\t\n\t<div class=\"is-border\"\n\t\tstyle=\"border-color:rgb(235, 235, 235);border-width:1px 0px 0px 0px;\">\n\t<\/div>\n\n\t\t<\/div>\n\n\t\t\n\n\t\t<div class=\"section-content relative\">\n\t\t\t\n\n<div class=\"row row-large row-full-width align-right\"  id=\"row-1401578238\">\n\n\n\t<div id=\"col-1328760022\" class=\"col medium-3 small-12 large-3\"  >\n\t\t\t\t<div class=\"col-inner text-right\"  >\n\t\t\t\n\t\t\t\n\n\t<div id=\"text-1480338954\" class=\"text\">\n\t\t\n\n<table style=\"border: none; border-bottom: hidden;\" border=\"0\" width=\"50%\" cellspacing=\"0\" cellpadding=\"0\">\n<tbody>\n<tr>\n<td style=\"width: 110px; border: none;\"><img loading=\"lazy\" decoding=\"async\" class=\"alignnone  wp-image-137\" src=\"https:\/\/valentin.mx\/cortina\/wp-content\/uploads\/2024\/10\/octagono.png\" alt=\"Octagono\" width=\"95\" height=\"110\" \/><\/td>\n<td style=\"border: none;\">\n<h2><span style=\"font-size: 120%;\" data-text-color=\"primary\">Transparencia<\/span><\/h2>\n<\/td>\n<\/tr>\n<\/tbody>\n<\/table>\n\t\t\n<style>\n#text-1480338954 {\n  text-align: center;\n}\n<\/style>\n\t<\/div>\n\t\n\n\t\t<\/div>\n\t\t\t\t\t<\/div>\n\n\t\n\n\t<div id=\"col-947990626\" class=\"col medium-7 small-12 large-7\"  >\n\t\t\t\t<div class=\"col-inner\"  >\n\t\t\t\n\t\t\t\n\n<p class=\"thin-font\">Ofrecemos una gesti\u00f3n integral y transparente que cubre aspectos financieros, recuperaci\u00f3n de deudas, cumplimiento de normativas, asesoramiento legal, tesorer\u00eda, organizaci\u00f3n de asambleas y tr\u00e1mites administrativos.<\/p>\n<p class=\"thin-font\">Priorizamos una comunicaci\u00f3n abierta y brindamos informaci\u00f3n clara sobre la gesti\u00f3n de tu propiedad. Nuestros rigurosos procesos de control garantizan transparencia total en las operaciones financieras, realizadas centralmente por equipos especializados que negocian servicios e insumos globalmente para maximizar beneficios.<\/p>\n<p class=\"thin-font\">A trav\u00e9s de nuestros sistemas, se puede monitorear en tiempo real las operaciones de tu propiedad. <strong>No tenemos conflictos de inter\u00e9s ni asociaciones con proveedores o comisionistas.<\/strong><\/p>\n<p>\u00a0<\/p>\n\n\t\t<\/div>\n\t\t\t\t\n<style>\n#col-947990626 > .col-inner {\n  padding: 5% 5% 5% 5%;\n  max-width: 720px;\n}\n<\/style>\n\t<\/div>\n\n\t\n\n<\/div>\n\n\t\t<\/div>\n\n\t\t\n<style>\n#section_777542860 {\n  padding-top: 0px;\n  padding-bottom: 0px;\n  min-height: 50vh;\n  background-color: rgb(178, 201, 199);\n}\n<\/style>\n\t<\/section>\n\t\n\n\t<section class=\"section\" id=\"section_890161502\">\n\t\t<div class=\"section-bg fill\" >\n\t\t\t\t\t\t\t\t\t\n\t\t\t\n\t<div class=\"is-border\"\n\t\tstyle=\"border-color:rgb(235, 235, 235);border-width:1px 0px 0px 0px;\">\n\t<\/div>\n\n\t\t<\/div>\n\n\t\t\n\n\t\t<div class=\"section-content relative\">\n\t\t\t\n\n<div class=\"row row-collapse row-full-width align-middle\"  id=\"row-640791477\">\n\n\n\t<div id=\"col-1797901468\" class=\"col medium-5 small-12 large-5\"  >\n\t\t\t\t<div class=\"col-inner\"  >\n\t\t\t\n\t\t\t\n\n\t<div class=\"img has-hover x md-x lg-x y md-y lg-y\" id=\"image_604651466\">\n\t\t\t\t\t\t\t\t<div class=\"img-inner dark\" >\n\t\t\t<img loading=\"lazy\" decoding=\"async\" width=\"642\" height=\"847\" src=\"https:\/\/valentin.mx\/cortina\/wp-content\/uploads\/2024\/10\/fto-03.jpg\" class=\"attachment-large size-large\" alt=\"\" srcset=\"https:\/\/valentin.mx\/cortina\/wp-content\/uploads\/2024\/10\/fto-03.jpg 642w, https:\/\/valentin.mx\/cortina\/wp-content\/uploads\/2024\/10\/fto-03-600x792.jpg 600w, https:\/\/valentin.mx\/cortina\/wp-content\/uploads\/2024\/10\/fto-03-379x500.jpg 379w\" sizes=\"auto, (max-width: 642px) 100vw, 642px\" \/>\t\t\t\t\t\t\n\t\t\t\t\t<\/div>\n\t\t\t\t\t\t\t\t\n<style>\n#image_604651466 {\n  width: 75%;\n}\n<\/style>\n\t<\/div>\n\t\n\n\n\t\t<\/div>\n\t\t\t\t\t<\/div>\n\n\t\n\n\t<div id=\"col-1382561667\" class=\"col medium-7 small-12 large-7\"  >\n\t\t\t\t<div class=\"col-inner\"  >\n\t\t\t\n\t\t\t\n\n<table style=\"border: none; border-bottom: hidden;\" border=\"0\" width=\"50%\" cellspacing=\"0\" cellpadding=\"0\">\n<tbody>\n<tr>\n<td style=\"width: 110px; border: none;\"><img loading=\"lazy\" decoding=\"async\" class=\"alignnone  wp-image-137\" src=\"https:\/\/valentin.mx\/cortina\/wp-content\/uploads\/2024\/10\/octagono.png\" alt=\"Octagono\" width=\"95\" height=\"110\" \/><\/td>\n<td style=\"border: none;\">\n<h2><span data-text-color=\"primary\">Operativos<\/span><\/h2>\n<\/td>\n<\/tr>\n<\/tbody>\n<\/table>\n<p class=\"thin-font\">Nuestro equipo se encarga de la gesti\u00f3n de planes de compras, limpieza, seguridad y jardiner\u00eda para asegurar que las propiedades est\u00e9n en \u00f3ptimas condiciones. Adem\u00e1s, gestionamos contrataciones, supervisamos a proveedores y desempe\u00f1amos una variedad de funciones operativas para garantizar la eficiencia de tu inversi\u00f3n.<\/p>\n\n\t\t<\/div>\n\t\t\t\t\n<style>\n#col-1382561667 > .col-inner {\n  padding: 5% 5% 5% 5%;\n  max-width: 720px;\n}\n<\/style>\n\t<\/div>\n\n\t\n\n<\/div>\n\n\t\t<\/div>\n\n\t\t\n<style>\n#section_890161502 {\n  padding-top: 0px;\n  padding-bottom: 0px;\n  min-height: 250px;\n  background-color: rgb(191, 210, 208);\n}\n<\/style>\n\t<\/section>\n\t\n\n\t<section class=\"section\" id=\"section_1410300228\">\n\t\t<div class=\"section-bg fill\" >\n\t\t\t\t\t\t\t\t\t\n\t\t\t\n\t<div class=\"is-border\"\n\t\tstyle=\"border-color:rgb(235, 235, 235);border-width:1px 0px 0px 0px;\">\n\t<\/div>\n\n\t\t<\/div>\n\n\t\t\n\n\t\t<div class=\"section-content relative\">\n\t\t\t\n\n<div class=\"row row-collapse row-full-width align-right\"  id=\"row-712538612\">\n\n\n\t<div id=\"col-948195205\" class=\"col medium-3 small-12 large-3\"  >\n\t\t\t\t<div class=\"col-inner\"  >\n\t\t\t\n\t\t\t\n\n\t<div id=\"text-78148451\" class=\"text\">\n\t\t\n\n<table style=\"border: none; border-bottom: hidden;\" border=\"0\" width=\"50%\" cellspacing=\"0\" cellpadding=\"0\">\n<tbody>\n<tr>\n<td style=\"width: 110px; border: none;\"><img loading=\"lazy\" decoding=\"async\" class=\"alignnone  wp-image-137\" src=\"https:\/\/valentin.mx\/cortina\/wp-content\/uploads\/2024\/10\/octagono.png\" alt=\"Octagono\" width=\"95\" height=\"110\" \/><\/td>\n<td style=\"border: none;\">\n<h2><span data-text-color=\"primary\"><span style=\"font-size: 120%;\">Capital<\/span><br \/><span style=\"font-size: 120%;\">Humano<\/span><br \/><\/span><\/h2>\n<\/td>\n<\/tr>\n<\/tbody>\n<\/table>\n\t\t\n<style>\n#text-78148451 {\n  text-align: left;\n}\n@media (min-width:550px) {\n  #text-78148451 {\n    text-align: left;\n  }\n}\n<\/style>\n\t<\/div>\n\t\n\n\t\t<\/div>\n\t\t\t\t\t<\/div>\n\n\t\n\n\t<div id=\"col-1808070614\" class=\"col medium-7 small-12 large-7\"  >\n\t\t\t\t<div class=\"col-inner\"  >\n\t\t\t\n\t\t\t\n\n<p class=\"thin-font\">Nuestro entorno esta en cambio constante, por lo que actualizamos frecuentemente nuestros sistemas, procesos y el desarrollo de nuestro equipo para ofrecerte un servicio de vanguardia que satisfaga las demandas del mercado actual.<\/p>\n<p class=\"thin-font\">Nos comprometemos a ser tu socio confiable en la gesti\u00f3n de activos, asegurando su valor y eficiencia a lo largo del tiempo.<\/p>\n<p class=\"thin-font\">Reconocemos la necesidad de adaptarnos a un entorno en constante cambio, por lo que actualizamos constantemente nuestros sistemas, procesos y el desarrollo de nuestro equipo para ofrecerte un servicio de vanguardia que satisfaga las demandas del mercado actual.<\/p>\n\n\t\t<\/div>\n\t\t\t\t\n<style>\n#col-1808070614 > .col-inner {\n  padding: 5% 5% 5% 5%;\n  max-width: 720px;\n}\n<\/style>\n\t<\/div>\n\n\t\n\n<\/div>\n\n\t\t<\/div>\n\n\t\t\n<style>\n#section_1410300228 {\n  padding-top: 60px;\n  padding-bottom: 60px;\n  min-height: 300px;\n  background-color: rgb(204, 219, 218);\n}\n<\/style>\n\t<\/section>\n\t\n<div class=\"message-box relative\" style=\"padding-top:15px;padding-bottom:15px;\"><div class=\"message-box-bg-image bg-fill fill\" ><\/div><div class=\"message-box-bg-overlay bg-fill fill\" style=\"background-color:rgb(255, 255, 255);\"><\/div><div class=\"container relative\"><div class=\"inner last-reset\">\n\n<div class=\"row align-middle align-center\"  id=\"row-202193420\">\n\n\n\t<div id=\"col-1770390739\" class=\"col small-12 large-12\"  >\n\t\t\t\t<div class=\"col-inner\"  >\n\t\t\t\n\t\t\t\n\n\t<div id=\"text-255190346\" class=\"text\">\n\t\t\n\n<h3 class=\"thin-font\" style=\"font-size: 36px;\"><span style=\"font-size: 120%;\" data-text-color=\"primary\">En la operaci\u00f3n de tus inmuebles, experimenta la diferencia que un servicio personalizado, transparente y operativo puede hacer en tu inversi\u00f3n.<\/span><\/h3>\n\t\t\n<style>\n#text-255190346 {\n  text-align: center;\n}\n<\/style>\n\t<\/div>\n\t\n\n\t\t<\/div>\n\t\t\t\t\t<\/div>\n\n\t\n\n\n<style>\n#row-202193420 > .col > .col-inner {\n  padding: 30px 30px 30px 30px;\n}\n<\/style>\n<\/div>\n\n<\/div><\/div><\/div>\n\n\t<section class=\"section\" id=\"section_309520328\">\n\t\t<div class=\"section-bg fill\" >\n\t\t\t\t\t\t\t\t\t\n\t\t\t\n\t<div class=\"is-border\"\n\t\tstyle=\"border-color:rgb(235, 235, 235);border-width:1px 0px 0px 0px;\">\n\t<\/div>\n\n\t\t<\/div>\n\n\t\t\n\n\t\t<div class=\"section-content relative\">\n\t\t\t\n\n<div class=\"row\"  id=\"row-618831493\">\n\n\n\t<div id=\"col-552875042\" class=\"col medium-7 small-12 large-7\"  >\n\t\t\t\t<div class=\"col-inner\"  >\n\t\t\t\n\t\t\t\n\n<h2 class=\" \"><span data-text-color=\"secondary\">\u00bfBuscas una administraci\u00f3n eficiente y moderna de tu propiedad?<\/span><\/h2>\n<p>Administra de forma f\u00e1cil tu inmueble<\/p>\n\n<div class=\"wpcf7 no-js\" id=\"wpcf7-f759-o1\" lang=\"es-ES\" dir=\"ltr\" data-wpcf7-id=\"759\">\n<div class=\"screen-reader-response\"><p role=\"status\" aria-live=\"polite\" aria-atomic=\"true\"><\/p> <ul><\/ul><\/div>\n<form action=\"\/cortina\/wp-json\/wp\/v2\/pages\/15#wpcf7-f759-o1\" method=\"post\" class=\"wpcf7-form init\" aria-label=\"Formulario de contacto\" novalidate=\"novalidate\" data-status=\"init\">\n<div style=\"display: none;\">\n<input type=\"hidden\" name=\"_wpcf7\" value=\"759\" \/>\n<input type=\"hidden\" name=\"_wpcf7_version\" value=\"6.0.2\" \/>\n<input type=\"hidden\" name=\"_wpcf7_locale\" value=\"es_ES\" \/>\n<input type=\"hidden\" name=\"_wpcf7_unit_tag\" value=\"wpcf7-f759-o1\" \/>\n<input type=\"hidden\" name=\"_wpcf7_container_post\" value=\"0\" \/>\n<input type=\"hidden\" name=\"_wpcf7_posted_data_hash\" value=\"\" \/>\n<input type=\"hidden\" name=\"_wpcf7cf_hidden_group_fields\" value=\"[]\" \/>\n<input type=\"hidden\" name=\"_wpcf7cf_hidden_groups\" value=\"[]\" \/>\n<input type=\"hidden\" name=\"_wpcf7cf_visible_groups\" value=\"[]\" \/>\n<input type=\"hidden\" name=\"_wpcf7cf_repeaters\" value=\"[]\" \/>\n<input type=\"hidden\" name=\"_wpcf7cf_steps\" value=\"{}\" \/>\n<input type=\"hidden\" name=\"_wpcf7cf_options\" value=\"{&quot;form_id&quot;:759,&quot;conditions&quot;:[{&quot;then_field&quot;:&quot;cortina-admin&quot;,&quot;and_rules&quot;:[{&quot;if_field&quot;:&quot;interest&quot;,&quot;operator&quot;:&quot;equals&quot;,&quot;if_value&quot;:&quot;Que Cortina administre mi inmueble&quot;}]}],&quot;settings&quot;:{&quot;animation&quot;:&quot;yes&quot;,&quot;animation_intime&quot;:200,&quot;animation_outtime&quot;:200,&quot;conditions_ui&quot;:&quot;normal&quot;,&quot;notice_dismissed&quot;:false}}\" \/>\n<\/div>\n<div style=\"display: flex; flex-direction: column; gap: 10px;\">\n \n <!-- Nombre -->\n\t<div style=\"display: flex;\">\n\t\t<div style=\"flex: 1; border: 0px solid black; padding: 0px;\">\n\t\t\t<p><label> Nombre <span class=\"wpcf7-form-control-wrap\" data-name=\"your-name\"><input size=\"40\" maxlength=\"400\" class=\"wpcf7-form-control wpcf7-text wpcf7-validates-as-required\" autocomplete=\"name\" aria-required=\"true\" aria-invalid=\"false\" value=\"\" type=\"text\" name=\"your-name\" \/><\/span> <\/label>\n\t\t\t<\/p>\n\t\t<\/div>\n\t<\/div>\n\n <!-- Fila 2 con 1 columna -->\n\t<div style=\"display: flex;\">\n\t\t<div style=\"flex: 1; border: 0px solid black; padding: 0px;\">\n\t\t<\/div>\n\t<\/div>\n\n <!-- Fila 3 con 2 columnas -->\n\t<div style=\"display: flex; gap: 10px;\">\n\t\t<div style=\"flex: 1; border: 0px solid black; padding: 0px;\">\n\t\t\t<p><label> Correo electr\u00f3nico <span class=\"wpcf7-form-control-wrap\" data-name=\"your-email\"><input size=\"40\" maxlength=\"400\" class=\"wpcf7-form-control wpcf7-email wpcf7-validates-as-required wpcf7-text wpcf7-validates-as-email\" autocomplete=\"email\" aria-required=\"true\" aria-invalid=\"false\" value=\"\" type=\"email\" name=\"your-email\" \/><\/span> <\/label>\n\t\t\t<\/p>\n\t\t<\/div>\n\t\t<div style=\"flex: 1; border: 0px solid black; padding: 0px;\">\n\t\t\t<p><label> Tel\u00e9fono <span class=\"wpcf7-form-control-wrap\" data-name=\"tel-52\"><input size=\"40\" maxlength=\"400\" class=\"wpcf7-form-control wpcf7-tel wpcf7-validates-as-required wpcf7-text wpcf7-validates-as-tel\" aria-required=\"true\" aria-invalid=\"false\" value=\"\" type=\"tel\" name=\"tel-52\" \/><\/span><\/label>\n\t\t\t<\/p>\n\t\t<\/div>\n\t\t<div style=\"flex: 0.5; border: 0px solid black; padding: 0px;\">\n\t\t\t<p><label> Ext. <span class=\"wpcf7-form-control-wrap\" data-name=\"extension\"><input size=\"40\" maxlength=\"400\" class=\"wpcf7-form-control wpcf7-text\" aria-invalid=\"false\" value=\"\" type=\"text\" name=\"extension\" \/><\/span><\/label>\n\t\t\t<\/p>\n\t\t<\/div>\n\t<\/div>\n\n \n <!-- Campo de inter\u00e9s -->\n\t<div style=\"display: flex;\">\n\t\t<div style=\"flex: 1;\">\n\t\t\t<p><label> Inter\u00e9s:<br \/>\n<span class=\"wpcf7-form-control-wrap\" data-name=\"interest\"><select class=\"wpcf7-form-control wpcf7-select wpcf7-validates-as-required\" aria-required=\"true\" aria-invalid=\"false\" name=\"interest\"><option value=\"\">&#8212;Por favor, elige una opci\u00f3n&#8212;<\/option><option value=\"Cortina es mi actual administrador y quiero tratar un tema con la direcci\u00f3n.\">Cortina es mi actual administrador y quiero tratar un tema con la direcci\u00f3n.<\/option><option value=\"Que Cortina administre mi inmueble\">Que Cortina administre mi inmueble<\/option><option value=\"Soy administrador y requiero apoyo tecnol\u00f3gico u otros apoyos de Cortina.\">Soy administrador y requiero apoyo tecnol\u00f3gico u otros apoyos de Cortina.<\/option><option value=\"Tratar con Cortina un asunto diferente\">Tratar con Cortina un asunto diferente<\/option><\/select><\/span><br \/>\n<\/label>\n\t\t\t<\/p>\n\t\t<\/div>\n\t<\/div>\n\n <!-- Grupo condicional para la opci\u00f3n \"Que Cortina administre mi inmueble\" -->\n\t<div data-id=\"cortina-admin\" data-orig_data_id=\"cortina-admin\"  data-class=\"wpcf7cf_group\">\n\t\t<div style=\"display: flex; flex-direction: column; gap: 10px;\">\n\t\t\t<div style=\"flex: 1;\">\n\t\t\t\t<p><label> Tipo de inmueble:<br \/>\n<span class=\"wpcf7-form-control-wrap\" data-name=\"property-type\"><select class=\"wpcf7-form-control wpcf7-select wpcf7-validates-as-required\" aria-required=\"true\" aria-invalid=\"false\" name=\"property-type\"><option value=\"\">&#8212;Por favor, elige una opci\u00f3n&#8212;<\/option><option value=\"Residencial\">Residencial<\/option><option value=\"Comercial\">Comercial<\/option><option value=\"Corporativo\">Corporativo<\/option><option value=\"Industrial\">Industrial<\/option><option value=\"Mixto\">Mixto<\/option><\/select><\/span><br \/>\n<\/label>\n\t\t\t\t<\/p>\n\t\t\t<\/div>\n\t\t\t<div style=\"flex: 1;\">\n\t\t\t\t<p><label> Nombre del inmueble:<br \/>\n<span class=\"wpcf7-form-control-wrap\" data-name=\"property-name\"><input size=\"40\" maxlength=\"400\" class=\"wpcf7-form-control wpcf7-text wpcf7-validates-as-required\" aria-required=\"true\" aria-invalid=\"false\" placeholder=\"Ejemplo: Torre Reforma\" value=\"\" type=\"text\" name=\"property-name\" \/><\/span><br \/>\n<\/label>\n\t\t\t\t<\/p>\n\t\t\t<\/div>\n\t\t\t<div style=\"flex: 1;\">\n\t\t\t\t<p><label> Ubicaci\u00f3n de inmueble:<br \/>\n<span class=\"wpcf7-form-control-wrap\" data-name=\"property-location\"><input size=\"40\" maxlength=\"400\" class=\"wpcf7-form-control wpcf7-text wpcf7-validates-as-required\" aria-required=\"true\" aria-invalid=\"false\" placeholder=\"Ejemplo: Ciudad de M\u00e9xico\" value=\"\" type=\"text\" name=\"property-location\" \/><\/span><br \/>\n<\/label>\n\t\t\t\t<\/p>\n\t\t\t<\/div>\n\t\t\t<div style=\"flex: 1;\">\n\t\t\t\t<p><label> N\u00famero de unidades privativas:<br \/>\n<span class=\"wpcf7-form-control-wrap\" data-name=\"property-units\"><input class=\"wpcf7-form-control wpcf7-number wpcf7-validates-as-required wpcf7-validates-as-number\" aria-required=\"true\" aria-invalid=\"false\" placeholder=\"Ejemplo: 50\" value=\"\" type=\"number\" name=\"property-units\" \/><\/span><br \/>\n<\/label>\n\t\t\t\t<\/p>\n\t\t\t<\/div>\n\t\t\t<div style=\"flex: 1;\">\n\t\t\t\t<p><label> Administrador actual:<br \/>\n<span class=\"wpcf7-form-control-wrap\" data-name=\"property-manager\"><input size=\"40\" maxlength=\"400\" class=\"wpcf7-form-control wpcf7-text\" aria-invalid=\"false\" placeholder=\"Ejemplo: Juan P\u00e9rez\" value=\"\" type=\"text\" name=\"property-manager\" \/><\/span><br \/>\n<\/label>\n\t\t\t\t<\/p>\n\t\t\t<\/div>\n\t\t\t<div style=\"flex: 1;\">\n\t\t\t\t<p><label> Particularidades:<br \/>\n<span class=\"wpcf7-form-control-wrap\" data-name=\"property-details\"><textarea cols=\"40\" rows=\"10\" maxlength=\"2000\" class=\"wpcf7-form-control wpcf7-textarea\" aria-invalid=\"false\" placeholder=\"Ejemplo: Tiene problemas de mantenimiento\" name=\"property-details\"><\/textarea><\/span><br \/>\n<\/label>\n\t\t\t\t<\/p>\n\t\t\t<\/div>\n\t\t<\/div>\n\t<\/div>\n\n <!-- Campo de mensaje (para todas las opciones) -->\n\t<div style=\"display: flex;\">\n\t\t<div style=\"flex: 1;\">\n\t\t\t<p><label> Mensaje (opcional):<br \/>\n<span class=\"wpcf7-form-control-wrap\" data-name=\"your-message\"><textarea cols=\"40\" rows=\"10\" maxlength=\"2000\" class=\"wpcf7-form-control wpcf7-textarea\" aria-invalid=\"false\" placeholder=\"Escribe tu mensaje aqu\u00ed\" name=\"your-message\"><\/textarea><\/span><br \/>\n<\/label>\n\t\t\t<\/p>\n\t\t<\/div>\n\t<\/div>\n\n <!-- Bot\u00f3n de env\u00edo -->\n\t<div style=\"display: flex;\">\n\t\t<div style=\"flex: 1;\">\n\t\t\t<p><input class=\"wpcf7-form-control wpcf7-submit has-spinner\" type=\"submit\" value=\"Enviar\" \/>\n\t\t\t<\/p>\n\t\t<\/div>\n\t<\/div>\n<\/div><div class=\"wpcf7-response-output\" aria-hidden=\"true\"><\/div>\n<\/form>\n<\/div>\n\n\n\n\t\t<\/div>\n\t\t\t\t\t<\/div>\n\n\t\n\n\t<div id=\"col-985725899\" class=\"col medium-2 small-12 large-2\"  >\n\t\t\t\t<div class=\"col-inner\"  >\n\t\t\t\n\t\t\t\n\n\n\t\t<\/div>\n\t\t\t\t\t<\/div>\n\n\t\n\n\t<div id=\"col-1793521983\" class=\"col medium-3 small-12 large-3\"  >\n\t\t\t\t<div class=\"col-inner\"  >\n\t\t\t\n\t\t\t\n\n<p><span data-text-color=\"primary\">MAIL:<\/span><br \/><span data-text-color=\"primary\"><a href=\"mailto:contacto@cortina.com.mx\">contacto@cortina.com.mx<\/a> <\/span><\/p>\n<p><span data-text-color=\"primary\">TEL\u00c9FONO:<\/span><br \/><span data-text-color=\"primary\">55 55406983 al 87<\/span><\/p>\n\n\t\t<\/div>\n\t\t\t\t\t<\/div>\n\n\t\n\n<\/div>\n\n\t\t<\/div>\n\n\t\t\n<style>\n#section_309520328 {\n  padding-top: 60px;\n  padding-bottom: 60px;\n  min-height: 300px;\n  background-color: rgb(204, 219, 218);\n}\n<\/style>\n\t<\/section>\n\t\n\n\n","protected":false},"excerpt":{"rendered":"","protected":false},"author":1,"featured_media":0,"parent":0,"menu_order":0,"comment_status":"closed","ping_status":"closed","template":"page-transparent-header-light.php","meta":{"footnotes":""},"class_list":["post-15","page","type-page","status-publish","hentry"],"_links":{"self":[{"href":"https:\/\/valentin.mx\/cortina\/wp-json\/wp\/v2\/pages\/15","targetHints":{"allow":["GET"]}}],"collection":[{"href":"https:\/\/valentin.mx\/cortina\/wp-json\/wp\/v2\/pages"}],"about":[{"href":"https:\/\/valentin.mx\/cortina\/wp-json\/wp\/v2\/types\/page"}],"author":[{"embeddable":true,"href":"https:\/\/valentin.mx\/cortina\/wp-json\/wp\/v2\/users\/1"}],"replies":[{"embeddable":true,"href":"https:\/\/valentin.mx\/cortina\/wp-json\/wp\/v2\/comments?post=15"}],"version-history":[{"count":56,"href":"https:\/\/valentin.mx\/cortina\/wp-json\/wp\/v2\/pages\/15\/revisions"}],"predecessor-version":[{"id":1187,"href":"https:\/\/valentin.mx\/cortina\/wp-json\/wp\/v2\/pages\/15\/revisions\/1187"}],"wp:attachment":[{"href":"https:\/\/valentin.mx\/cortina\/wp-json\/wp\/v2\/media?parent=15"}],"curies":[{"name":"wp","href":"https:\/\/api.w.org\/{rel}","templated":true}]}}