{"id":10,"date":"2024-10-02T01:31:30","date_gmt":"2024-10-02T01:31:30","guid":{"rendered":"https:\/\/valentin.mx\/cortina\/?page_id=10"},"modified":"2025-01-08T23:23:09","modified_gmt":"2025-01-08T23:23:09","slug":"que-hacemos","status":"publish","type":"page","link":"https:\/\/valentin.mx\/cortina\/que-hacemos\/","title":{"rendered":"Qu\u00e9 hacemos"},"content":{"rendered":"\n\n  <div class=\"banner has-hover\" id=\"banner-1194147449\">\n          <div class=\"banner-inner fill\">\n        <div class=\"banner-bg fill\" >\n            <img loading=\"lazy\" decoding=\"async\" width=\"1920\" height=\"992\" src=\"https:\/\/valentin.mx\/cortina\/wp-content\/uploads\/2024\/12\/Header-Quienes-Somos.jpg\" class=\"bg attachment-original size-original\" alt=\"\" \/>                                    \n                    <\/div>\n\t\t\n        <div class=\"banner-layers container\">\n            <div class=\"fill banner-link\"><\/div>            \n\n   <div id=\"text-box-1831013460\" class=\"text-box banner-layer x5 md-x5 lg-x5 y95 md-y95 lg-y95 res-text\">\n                                <div class=\"text-box-content text dark\">\n              \n              <div class=\"text-inner text-left\">\n                  \n\n\t<div id=\"text-197287836\" class=\"text\">\n\t\t\n\n<p style=\"font-weight: 300;\"><span data-text-color=\"primary\">Cortina Bienes Ra\u00edces es una empresa especializada en la administraci\u00f3n de propiedades inmobiliarias en condominio.<\/span><\/p>\n\t\t\n<style>\n#text-197287836 {\n  font-size: 1.1rem;\n}\n<\/style>\n\t<\/div>\n\t\n\n              <\/div>\n           <\/div>\n                            \n<style>\n#text-box-1831013460 {\n  width: 60%;\n}\n#text-box-1831013460 .text-box-content {\n  font-size: 100%;\n}\n@media (min-width:550px) {\n  #text-box-1831013460 {\n    width: 40%;\n  }\n}\n<\/style>\n    <\/div>\n \n\n        <\/div>\n      <\/div>\n\n            \n<style>\n#banner-1194147449 {\n  padding-top: 56.25%;\n}\n#banner-1194147449 .banner-bg img {\n  object-position: 66% 1%;\n}\n<\/style>\n  <\/div>\n\n\n<div class=\"row row-collapse row-full-width\"  id=\"row-1716974346\">\n\n\n\t<div id=\"col-1145780685\" class=\"col medium-6 small-12 large-6\"  >\n\t\t\t\t<div class=\"col-inner\"  >\n\t\t\t\n\t\t\t\n\n\t<div class=\"img has-hover x md-x lg-x y md-y lg-y\" id=\"image_646761014\">\n\t\t\t\t\t\t\t\t<div class=\"img-inner dark\" >\n\t\t\t<img loading=\"lazy\" decoding=\"async\" width=\"1038\" height=\"1021\" src=\"https:\/\/valentin.mx\/cortina\/wp-content\/uploads\/2024\/12\/QueHacemos-oficina.jpg\" class=\"attachment-original size-original\" alt=\"\" srcset=\"https:\/\/valentin.mx\/cortina\/wp-content\/uploads\/2024\/12\/QueHacemos-oficina.jpg 1038w, https:\/\/valentin.mx\/cortina\/wp-content\/uploads\/2024\/12\/QueHacemos-oficina-600x590.jpg 600w, https:\/\/valentin.mx\/cortina\/wp-content\/uploads\/2024\/12\/QueHacemos-oficina-900x885.jpg 900w, https:\/\/valentin.mx\/cortina\/wp-content\/uploads\/2024\/12\/QueHacemos-oficina-500x492.jpg 500w, https:\/\/valentin.mx\/cortina\/wp-content\/uploads\/2024\/12\/QueHacemos-oficina-768x755.jpg 768w\" sizes=\"auto, (max-width: 1038px) 100vw, 1038px\" \/>\t\t\t\t\t\t\n\t\t\t\t\t<\/div>\n\t\t\t\t\t\t\t\t\n<style>\n#image_646761014 {\n  width: 90%;\n}\n<\/style>\n\t<\/div>\n\t\n\n\n\t\t<\/div>\n\t\t\t\t\t<\/div>\n\n\t\n\n\t<div id=\"col-1131818063\" class=\"col medium-6 small-12 large-6\"  >\n\t\t\t\t<div class=\"col-inner\"  >\n\t\t\t\n\t\t\t\n\n<p style=\"font-weight: 300;\">Actualmente administramos conjuntos inmobiliarios que ocupan m\u00e1s de 4,000,000 de metros cuadrados.<\/p>\n<p>Somos l\u00edderes en la administraci\u00f3n inmobiliaria de propiedades en condominio.<\/p>\n<p style=\"font-weight: 300;\">Nos esforzamos por superar las expectativas de nuestros clientes, ayud\u00e1ndoles a crear un cambio positivo mediante soluciones innovadoras. Basados en nuestro crecimiento y experiencia, nos ha permitido evolucionar y desarrollar sistemas de informaci\u00f3n para mantener una comunicaci\u00f3n m\u00e1s fluida y eficaz. Esto nos permite ofrecerles un servicio m\u00e1s completo y personalizado a nuestros clientes, que se ve reflejado en las relaciones s\u00f3lidas y duraderas.<\/p>\n<p style=\"font-weight: 300;\">Somos propietarios de nuestros sistemas ERP y App MERL\u00cdN.<\/p>\n<p style=\"font-weight: 300;\">Nuestra experiencia, la atenci\u00f3n a los detalles y un equipo de personas capacitadas constantemente nos distinguen como expertos en gesti\u00f3n inmobiliaria de propiedades de alto nivel.<br \/>Sabemos que cada propiedad es \u00fanica. Por ello, nuestro enfoque personalizado se traduce en la tranquilidad de nuestros clientes.<\/p>\n<p style=\"font-weight: 300;\">Contamos con un equipo de abogados capacitados desde c\u00f3mo hacer un r\u00e9gimen de condominio hasta la aplicaci\u00f3n de las leyes, reglamentos y normas de las m\u00e1s de 10 dependencias gubernamentales que regulan la operaci\u00f3n de condominios, parques industriales y propiedades en general.<\/p>\n<p style=\"font-weight: 300;\">Nuestro equipo de ingenier\u00eda y mantenimiento controla y supervisa el mantenimiento de maquinaria y equipo instalado en cada propiedad, contando con los manuales y recomendaciones de los fabricantes, instrumentando en cada inmueble un plan de mantenimiento que garantiza el funcionamiento \u00f3ptimo de los mismos.<\/p>\n\n\t\t<\/div>\n\t\t\t\t\n<style>\n#col-1131818063 > .col-inner {\n  padding: 5% 5% 5% 5%;\n  max-width: 720px;\n}\n<\/style>\n\t<\/div>\n\n\t\n\n<\/div>\n<div class=\"message-box relative\" style=\"padding-top:28px;padding-bottom:28px;\"><div class=\"message-box-bg-image bg-fill fill\" ><\/div><div class=\"message-box-bg-overlay bg-fill fill\" style=\"background-color:rgb(255, 255, 255);\"><\/div><div class=\"container relative\"><div class=\"inner last-reset\">\n\n<div class=\"row align-middle align-center\"  id=\"row-1581166998\">\n\n\n\t<div id=\"col-176504192\" class=\"col small-12 large-12\"  >\n\t\t\t\t<div class=\"col-inner\"  >\n\t\t\t\n\t\t\t\n\n<h2 style=\"text-align: center; font-weight: 300; font-size: 36px;\"><span style=\"font-size: 120%;\" data-text-color=\"primary\">Pregunta a nuestros clientes por su experiencia con nosotros y cont\u00e1ctanos para tener una cita y empezar a administrar tus propiedades inmobiliarias.<\/span><\/h2>\n\n\t\t<\/div>\n\t\t\t\t\t<\/div>\n\n\t\n\n<\/div>\n\n<\/div><\/div><\/div>\n\n\t<section class=\"section\" id=\"section_433488364\">\n\t\t<div class=\"section-bg fill\" >\n\t\t\t\t\t\t\t\t\t\n\t\t\t\n\t<div class=\"is-border\"\n\t\tstyle=\"border-color:rgb(235, 235, 235);border-width:1px 0px 0px 0px;\">\n\t<\/div>\n\n\t\t<\/div>\n\n\t\t\n\n\t\t<div class=\"section-content relative\">\n\t\t\t\n\n<div class=\"row\"  id=\"row-2106182043\">\n\n\n\t<div id=\"col-1417560300\" class=\"col medium-7 small-12 large-7\"  >\n\t\t\t\t<div class=\"col-inner\"  >\n\t\t\t\n\t\t\t\n\n<h2 class=\" \"><span data-text-color=\"secondary\">\u00bfBuscas una administraci\u00f3n eficiente y moderna de tu propiedad?<\/span><\/h2>\n<p>Administra de forma f\u00e1cil tu inmueble<\/p>\n\n<div class=\"wpcf7 no-js\" id=\"wpcf7-f759-o1\" lang=\"es-ES\" dir=\"ltr\" data-wpcf7-id=\"759\">\n<div class=\"screen-reader-response\"><p role=\"status\" aria-live=\"polite\" aria-atomic=\"true\"><\/p> <ul><\/ul><\/div>\n<form action=\"\/cortina\/wp-json\/wp\/v2\/pages\/10#wpcf7-f759-o1\" method=\"post\" class=\"wpcf7-form init\" aria-label=\"Formulario de contacto\" novalidate=\"novalidate\" data-status=\"init\">\n<div style=\"display: none;\">\n<input type=\"hidden\" name=\"_wpcf7\" value=\"759\" \/>\n<input type=\"hidden\" name=\"_wpcf7_version\" value=\"6.0.2\" \/>\n<input type=\"hidden\" name=\"_wpcf7_locale\" value=\"es_ES\" \/>\n<input type=\"hidden\" name=\"_wpcf7_unit_tag\" value=\"wpcf7-f759-o1\" \/>\n<input type=\"hidden\" name=\"_wpcf7_container_post\" value=\"0\" \/>\n<input type=\"hidden\" name=\"_wpcf7_posted_data_hash\" value=\"\" \/>\n<input type=\"hidden\" name=\"_wpcf7cf_hidden_group_fields\" value=\"[]\" \/>\n<input type=\"hidden\" name=\"_wpcf7cf_hidden_groups\" value=\"[]\" \/>\n<input type=\"hidden\" name=\"_wpcf7cf_visible_groups\" value=\"[]\" \/>\n<input type=\"hidden\" name=\"_wpcf7cf_repeaters\" value=\"[]\" \/>\n<input type=\"hidden\" name=\"_wpcf7cf_steps\" value=\"{}\" \/>\n<input type=\"hidden\" name=\"_wpcf7cf_options\" value=\"{&quot;form_id&quot;:759,&quot;conditions&quot;:[{&quot;then_field&quot;:&quot;cortina-admin&quot;,&quot;and_rules&quot;:[{&quot;if_field&quot;:&quot;interest&quot;,&quot;operator&quot;:&quot;equals&quot;,&quot;if_value&quot;:&quot;Que Cortina administre mi inmueble&quot;}]}],&quot;settings&quot;:{&quot;animation&quot;:&quot;yes&quot;,&quot;animation_intime&quot;:200,&quot;animation_outtime&quot;:200,&quot;conditions_ui&quot;:&quot;normal&quot;,&quot;notice_dismissed&quot;:false}}\" \/>\n<\/div>\n<div style=\"display: flex; flex-direction: column; gap: 10px;\">\n \n <!-- Nombre -->\n\t<div style=\"display: flex;\">\n\t\t<div style=\"flex: 1; border: 0px solid black; padding: 0px;\">\n\t\t\t<p><label> Nombre <span class=\"wpcf7-form-control-wrap\" data-name=\"your-name\"><input size=\"40\" maxlength=\"400\" class=\"wpcf7-form-control wpcf7-text wpcf7-validates-as-required\" autocomplete=\"name\" aria-required=\"true\" aria-invalid=\"false\" value=\"\" type=\"text\" name=\"your-name\" \/><\/span> <\/label>\n\t\t\t<\/p>\n\t\t<\/div>\n\t<\/div>\n\n <!-- Fila 2 con 1 columna -->\n\t<div style=\"display: flex;\">\n\t\t<div style=\"flex: 1; border: 0px solid black; padding: 0px;\">\n\t\t<\/div>\n\t<\/div>\n\n <!-- Fila 3 con 2 columnas -->\n\t<div style=\"display: flex; gap: 10px;\">\n\t\t<div style=\"flex: 1; border: 0px solid black; padding: 0px;\">\n\t\t\t<p><label> Correo electr\u00f3nico <span class=\"wpcf7-form-control-wrap\" data-name=\"your-email\"><input size=\"40\" maxlength=\"400\" class=\"wpcf7-form-control wpcf7-email wpcf7-validates-as-required wpcf7-text wpcf7-validates-as-email\" autocomplete=\"email\" aria-required=\"true\" aria-invalid=\"false\" value=\"\" type=\"email\" name=\"your-email\" \/><\/span> <\/label>\n\t\t\t<\/p>\n\t\t<\/div>\n\t\t<div style=\"flex: 1; border: 0px solid black; padding: 0px;\">\n\t\t\t<p><label> Tel\u00e9fono <span class=\"wpcf7-form-control-wrap\" data-name=\"tel-52\"><input size=\"40\" maxlength=\"400\" class=\"wpcf7-form-control wpcf7-tel wpcf7-validates-as-required wpcf7-text wpcf7-validates-as-tel\" aria-required=\"true\" aria-invalid=\"false\" value=\"\" type=\"tel\" name=\"tel-52\" \/><\/span><\/label>\n\t\t\t<\/p>\n\t\t<\/div>\n\t\t<div style=\"flex: 0.5; border: 0px solid black; padding: 0px;\">\n\t\t\t<p><label> Ext. <span class=\"wpcf7-form-control-wrap\" data-name=\"extension\"><input size=\"40\" maxlength=\"400\" class=\"wpcf7-form-control wpcf7-text\" aria-invalid=\"false\" value=\"\" type=\"text\" name=\"extension\" \/><\/span><\/label>\n\t\t\t<\/p>\n\t\t<\/div>\n\t<\/div>\n\n \n <!-- Campo de inter\u00e9s -->\n\t<div style=\"display: flex;\">\n\t\t<div style=\"flex: 1;\">\n\t\t\t<p><label> Inter\u00e9s:<br \/>\n<span class=\"wpcf7-form-control-wrap\" data-name=\"interest\"><select class=\"wpcf7-form-control wpcf7-select wpcf7-validates-as-required\" aria-required=\"true\" aria-invalid=\"false\" name=\"interest\"><option value=\"\">&#8212;Por favor, elige una opci\u00f3n&#8212;<\/option><option value=\"Cortina es mi actual administrador y quiero tratar un tema con la direcci\u00f3n.\">Cortina es mi actual administrador y quiero tratar un tema con la direcci\u00f3n.<\/option><option value=\"Que Cortina administre mi inmueble\">Que Cortina administre mi inmueble<\/option><option value=\"Soy administrador y requiero apoyo tecnol\u00f3gico u otros apoyos de Cortina.\">Soy administrador y requiero apoyo tecnol\u00f3gico u otros apoyos de Cortina.<\/option><option value=\"Tratar con Cortina un asunto diferente\">Tratar con Cortina un asunto diferente<\/option><\/select><\/span><br \/>\n<\/label>\n\t\t\t<\/p>\n\t\t<\/div>\n\t<\/div>\n\n <!-- Grupo condicional para la opci\u00f3n \"Que Cortina administre mi inmueble\" -->\n\t<div data-id=\"cortina-admin\" data-orig_data_id=\"cortina-admin\"  data-class=\"wpcf7cf_group\">\n\t\t<div style=\"display: flex; flex-direction: column; gap: 10px;\">\n\t\t\t<div style=\"flex: 1;\">\n\t\t\t\t<p><label> Tipo de inmueble:<br \/>\n<span class=\"wpcf7-form-control-wrap\" data-name=\"property-type\"><select class=\"wpcf7-form-control wpcf7-select wpcf7-validates-as-required\" aria-required=\"true\" aria-invalid=\"false\" name=\"property-type\"><option value=\"\">&#8212;Por favor, elige una opci\u00f3n&#8212;<\/option><option value=\"Residencial\">Residencial<\/option><option value=\"Comercial\">Comercial<\/option><option value=\"Corporativo\">Corporativo<\/option><option value=\"Industrial\">Industrial<\/option><option value=\"Mixto\">Mixto<\/option><\/select><\/span><br \/>\n<\/label>\n\t\t\t\t<\/p>\n\t\t\t<\/div>\n\t\t\t<div style=\"flex: 1;\">\n\t\t\t\t<p><label> Nombre del inmueble:<br \/>\n<span class=\"wpcf7-form-control-wrap\" data-name=\"property-name\"><input size=\"40\" maxlength=\"400\" class=\"wpcf7-form-control wpcf7-text wpcf7-validates-as-required\" aria-required=\"true\" aria-invalid=\"false\" placeholder=\"Ejemplo: Torre Reforma\" value=\"\" type=\"text\" name=\"property-name\" \/><\/span><br \/>\n<\/label>\n\t\t\t\t<\/p>\n\t\t\t<\/div>\n\t\t\t<div style=\"flex: 1;\">\n\t\t\t\t<p><label> Ubicaci\u00f3n de inmueble:<br \/>\n<span class=\"wpcf7-form-control-wrap\" data-name=\"property-location\"><input size=\"40\" maxlength=\"400\" class=\"wpcf7-form-control wpcf7-text wpcf7-validates-as-required\" aria-required=\"true\" aria-invalid=\"false\" placeholder=\"Ejemplo: Ciudad de M\u00e9xico\" value=\"\" type=\"text\" name=\"property-location\" \/><\/span><br \/>\n<\/label>\n\t\t\t\t<\/p>\n\t\t\t<\/div>\n\t\t\t<div style=\"flex: 1;\">\n\t\t\t\t<p><label> N\u00famero de unidades privativas:<br \/>\n<span class=\"wpcf7-form-control-wrap\" data-name=\"property-units\"><input class=\"wpcf7-form-control wpcf7-number wpcf7-validates-as-required wpcf7-validates-as-number\" aria-required=\"true\" aria-invalid=\"false\" placeholder=\"Ejemplo: 50\" value=\"\" type=\"number\" name=\"property-units\" \/><\/span><br \/>\n<\/label>\n\t\t\t\t<\/p>\n\t\t\t<\/div>\n\t\t\t<div style=\"flex: 1;\">\n\t\t\t\t<p><label> Administrador actual:<br \/>\n<span class=\"wpcf7-form-control-wrap\" data-name=\"property-manager\"><input size=\"40\" maxlength=\"400\" class=\"wpcf7-form-control wpcf7-text\" aria-invalid=\"false\" placeholder=\"Ejemplo: Juan P\u00e9rez\" value=\"\" type=\"text\" name=\"property-manager\" \/><\/span><br \/>\n<\/label>\n\t\t\t\t<\/p>\n\t\t\t<\/div>\n\t\t\t<div style=\"flex: 1;\">\n\t\t\t\t<p><label> Particularidades:<br \/>\n<span class=\"wpcf7-form-control-wrap\" data-name=\"property-details\"><textarea cols=\"40\" rows=\"10\" maxlength=\"2000\" class=\"wpcf7-form-control wpcf7-textarea\" aria-invalid=\"false\" placeholder=\"Ejemplo: Tiene problemas de mantenimiento\" name=\"property-details\"><\/textarea><\/span><br \/>\n<\/label>\n\t\t\t\t<\/p>\n\t\t\t<\/div>\n\t\t<\/div>\n\t<\/div>\n\n <!-- Campo de mensaje (para todas las opciones) -->\n\t<div style=\"display: flex;\">\n\t\t<div style=\"flex: 1;\">\n\t\t\t<p><label> Mensaje (opcional):<br \/>\n<span class=\"wpcf7-form-control-wrap\" data-name=\"your-message\"><textarea cols=\"40\" rows=\"10\" maxlength=\"2000\" class=\"wpcf7-form-control wpcf7-textarea\" aria-invalid=\"false\" placeholder=\"Escribe tu mensaje aqu\u00ed\" name=\"your-message\"><\/textarea><\/span><br \/>\n<\/label>\n\t\t\t<\/p>\n\t\t<\/div>\n\t<\/div>\n\n <!-- Bot\u00f3n de env\u00edo -->\n\t<div style=\"display: flex;\">\n\t\t<div style=\"flex: 1;\">\n\t\t\t<p><input class=\"wpcf7-form-control wpcf7-submit has-spinner\" type=\"submit\" value=\"Enviar\" \/>\n\t\t\t<\/p>\n\t\t<\/div>\n\t<\/div>\n<\/div><div class=\"wpcf7-response-output\" aria-hidden=\"true\"><\/div>\n<\/form>\n<\/div>\n\n\n\n\t\t<\/div>\n\t\t\t\t\t<\/div>\n\n\t\n\n\t<div id=\"col-70895172\" class=\"col medium-2 small-12 large-2\"  >\n\t\t\t\t<div class=\"col-inner\"  >\n\t\t\t\n\t\t\t\n\n\n\t\t<\/div>\n\t\t\t\t\t<\/div>\n\n\t\n\n\t<div id=\"col-1839621214\" class=\"col medium-3 small-12 large-3\"  >\n\t\t\t\t<div class=\"col-inner\"  >\n\t\t\t\n\t\t\t\n\n<p><span data-text-color=\"primary\">MAIL:<\/span><br \/><span data-text-color=\"primary\"><a href=\"mailto:contacto@cortina.com.mx\">contacto@cortina.com.mx<\/a> <\/span><\/p>\n<p><span data-text-color=\"primary\">TEL\u00c9FONO:<\/span><br \/><span data-text-color=\"primary\">55 55406983 al 87<\/span><\/p>\n\n\t\t<\/div>\n\t\t\t\t\t<\/div>\n\n\t\n\n<\/div>\n\n\t\t<\/div>\n\n\t\t\n<style>\n#section_433488364 {\n  padding-top: 60px;\n  padding-bottom: 60px;\n  min-height: 300px;\n  background-color: rgb(204, 219, 218);\n}\n<\/style>\n\t<\/section>\n\t\n\n<div class=\"slider-wrapper relative\" id=\"slider-782819988\" >\n    <div class=\"slider slider-nav-circle slider-nav-large slider-nav-light slider-style-normal\"\n        data-flickity-options='{\n            \"cellAlign\": \"center\",\n            \"imagesLoaded\": true,\n            \"lazyLoad\": 1,\n            \"freeScroll\": false,\n            \"wrapAround\": true,\n            \"autoPlay\": 6000,\n            \"pauseAutoPlayOnHover\" : true,\n            \"prevNextButtons\": true,\n            \"contain\" : true,\n            \"adaptiveHeight\" : true,\n            \"dragThreshold\" : 10,\n            \"percentPosition\": true,\n            \"pageDots\": true,\n            \"rightToLeft\": false,\n            \"draggable\": true,\n            \"selectedAttraction\": 0.1,\n            \"parallax\" : 0,\n            \"friction\": 0.6        }'\n        >\n        \n\n\n     <\/div>\n\n     <div class=\"loading-spin dark large centered\"><\/div>\n\n\t<\/div>\n\n\n\n","protected":false},"excerpt":{"rendered":"","protected":false},"author":1,"featured_media":0,"parent":0,"menu_order":0,"comment_status":"closed","ping_status":"closed","template":"page-transparent-header-light.php","meta":{"footnotes":""},"class_list":["post-10","page","type-page","status-publish","hentry"],"_links":{"self":[{"href":"https:\/\/valentin.mx\/cortina\/wp-json\/wp\/v2\/pages\/10","targetHints":{"allow":["GET"]}}],"collection":[{"href":"https:\/\/valentin.mx\/cortina\/wp-json\/wp\/v2\/pages"}],"about":[{"href":"https:\/\/valentin.mx\/cortina\/wp-json\/wp\/v2\/types\/page"}],"author":[{"embeddable":true,"href":"https:\/\/valentin.mx\/cortina\/wp-json\/wp\/v2\/users\/1"}],"replies":[{"embeddable":true,"href":"https:\/\/valentin.mx\/cortina\/wp-json\/wp\/v2\/comments?post=10"}],"version-history":[{"count":34,"href":"https:\/\/valentin.mx\/cortina\/wp-json\/wp\/v2\/pages\/10\/revisions"}],"predecessor-version":[{"id":1186,"href":"https:\/\/valentin.mx\/cortina\/wp-json\/wp\/v2\/pages\/10\/revisions\/1186"}],"wp:attachment":[{"href":"https:\/\/valentin.mx\/cortina\/wp-json\/wp\/v2\/media?parent=10"}],"curies":[{"name":"wp","href":"https:\/\/api.w.org\/{rel}","templated":true}]}}